{"id":2,"date":"2011-07-13T23:00:51","date_gmt":"2011-07-13T21:00:51","guid":{"rendered":"http:\/\/blog.animod.de\/?page_id=2"},"modified":"2019-01-23T17:13:43","modified_gmt":"2019-01-23T16:13:43","slug":"impressum","status":"publish","type":"page","link":"https:\/\/www.animod.de\/magazin\/impressum\/","title":{"rendered":"Impressum"},"content":{"rendered":"<h3>IMPRESSUM<\/h3>\n<p>Animod GmbH<br \/>\nBayenthalg\u00fcrtel 4<br \/>\n50968 K\u00f6ln<\/p>\n<p>Telefon: 0221 &#8211; 93374-100<br \/>\nFax: 0221 &#8211; 93374-374<\/p>\n<p>E-Mail: info@animod.de<\/p>\n<p>Gesch\u00e4ftsf\u00fchrung: Fabian Schaaf-Mehta<\/p>\n<p>HRB 58603<br \/>\nAmtsgericht K\u00f6ln<br \/>\nUSt.Id-Nr.: DE 250607889<\/p>\n<p>Die EU-Kommission stellt eine Onlineplattform f\u00fcr die au\u00dfergerichtliche Streitschlichtung bereit, die Sie unter\u00a0<a href=\"http:\/\/ec.europa.eu\/odr\" target=\"_blank\" rel=\"nofollow noopener\">http:\/\/ec.europa.eu\/odr<\/a>\u00a0finden. Wir ziehen es vor, Ihr Anliegen im direkten Austausch mit Ihnen zu kl\u00e4ren und nehmen daher nicht am\u00a0Verbraucherschlichtungsverfahren teil &#8211; auch weil wir dazu nicht verpflichtet sind. Bitte kontaktieren Sie uns bei Fragen und Problemen direkt.<\/p>\n<p>&nbsp;<\/p>\n<h3>HAFTUNGSAUSSCHLUSS<\/h3>\n<p><strong>Haftung f\u00fcr Inhalte<\/strong><br \/>\nAlle Inhalte auf unseren Seiten haben wir mit gr\u00f6\u00dfter Sorgfalt erstellt. Jedoch k\u00f6nnen wir f\u00fcr die Richtigkeit, Vollst\u00e4ndigkeit und Aktualit\u00e4t der Inhalte keine Gew\u00e4hr \u00fcbernehmen. Als Diensteanbieter sind wir gem\u00e4\u00df \u00a7 7 Abs.1 TMG f\u00fcr eigene Inhalte auf diesen Seiten nach den allgemeinen Gesetzen verantwortlich. Aber nach \u00a7\u00a7 8 bis 10 TMG sind wir als Diensteanbieter jedoch nicht dazu verpflichtet, \u00fcbermittelte oder gespeicherte fremde Informationen zu \u00fcberwachen oder die Umst\u00e4nden zu erforschen, die auf eine rechtswidrige T\u00e4tigkeit hinweisen. Hiervon unber\u00fchrt bleiben Verpflichtungen zur Entfernung oder Sperrung der Nutzung von Informationen nach den allgemeinen, g\u00fcltigen Gesetzen. Eine Haftung in dieser Sache ist jedoch erst ab dem Zeitpunkt der Kenntnis einer konkreten Rechtsverletzung m\u00f6glich. Selbstverst\u00e4ndlich werden wir, bei Bekanntwerden von entsprechenden Rechtsverletzungen, die betreffenden Inhalte umgehend entfernen.<\/p>\n<p><strong>Haftung f\u00fcr Links<\/strong><br \/>\nUnser Webangebot enth\u00e4lt Links zu externen Webseiten Dritter, auf die wir keinen Einfluss haben. Folglich k\u00f6nnen wir f\u00fcr diese fremden Inhalte auch keine Gew\u00e4hr \u00fcbernehmen. F\u00fcr die Inhalte der verlinkten Seiten ist immer der jeweilige Anbieter oder Betreiber der Seiten verantwortlich. Die verlinkten Seiten wurden zum Zeitpunkt der Verlinkung auf m\u00f6gliche Rechtsverst\u00f6\u00dfe \u00fcberpr\u00fcft. Zum Zeitpunkt der Verlinkung waren Rechtswidrige Inhalte nicht erkennbar. Ohne konkrete Anhaltspunkte einer Rechtsverletzung ist eine permanente inhaltliche Kontrolle der verlinkten Seiten nicht zumutbar. Sollten Rechtsverletzungen bekannt werden, so werden derartige Links umgehend entfernt werden.<\/p>\n<p><strong>Urheberrecht<\/strong><br \/>\nDie durch die Animod GmbH bzw. in ihrem Auftrage von anderen erstellten Inhalte und Werke auf diesen Seiten unterliegen dem deutschen Urheberrecht. Die Vervielf\u00e4ltigung, Bearbeitung, Verbreitung und jede Art der Verwertung dieser Inhalte au\u00dferhalb der Grenzen des geltenden Urheberrechtes bed\u00fcrfen der ausdr\u00fccklichen schriftlichen Zustimmung des verantwortlichen Erstellers. Das Herunterladen und Kopieren von Inhalten dieser Seite sind nur f\u00fcr den privaten, nicht kommerziellen Gebrauch erlaubt. Soweit die Inhalte auf dieser Seite nicht von der Animod GmbH bzw. einem Beauftragten erstellt wurden, werden Urheberrechte von Dritten beachtet und im Falle der Verwendung als solche gekennzeichnet. Sollten Sie trotzdem auf eine Urheberrechtsverletzung sto\u00dfen, bitten wir um einen entsprechenden Hinweis an uns. Bei Bekanntwerden von Rechtsverletzungen werden wir derartige Inhalte selbstverst\u00e4ndlich umgehend entfernen.<\/p>\n<p><strong>Gesch\u00e4ftssitz Deutschland<\/strong><br \/>\nDie Animod GmbH ist ein Unternehmen mit Gesch\u00e4ftssitz in Deutschland. Die von der Animod GmbH angebotenen Leistungen richten sich ausschlie\u00dflich an Personen, die ihren Hauptwohnsitz in der Bundesrepublik Deutschland haben.<\/p>\n","protected":false},"excerpt":{"rendered":"<p>IMPRESSUM Animod GmbH Bayenthalg\u00fcrtel 4 50968 K\u00f6ln Telefon: 0221 &#8211; 93374-100 Fax: 0221 &#8211; 93374-374 E-Mail: info@animod.de Gesch\u00e4ftsf\u00fchrung: Fabian Schaaf-Mehta HRB 58603 Amtsgericht K\u00f6ln USt.Id-Nr.: DE 250607889 Die EU-Kommission stellt eine Onlineplattform f\u00fcr die au\u00dfergerichtliche Streitschlichtung bereit, die Sie unter\u00a0http:\/\/ec.europa.eu\/odr\u00a0finden. Wir ziehen es vor, Ihr Anliegen im direkten Austausch mit Ihnen zu kl\u00e4ren und nehmen <a href=\"https:\/\/www.animod.de\/magazin\/impressum\/\" rel=\"nofollow\"><span class=\"sr-only\">Read more about Impressum<\/span>[&hellip;]<\/a><\/p>\n","protected":false},"author":4,"featured_media":0,"parent":0,"menu_order":10,"comment_status":"closed","ping_status":"closed","template":"","meta":{"footnotes":""},"class_list":["post-2","page","type-page","status-publish","hentry"],"yoast_head":"<!-- This site is optimized with the Yoast SEO plugin v26.2 - https:\/\/yoast.com\/wordpress\/plugins\/seo\/ -->\n<title>Impressum ~ Animod - Traumhafte Hotels &amp; Kurzreisen<\/title>\n<meta name=\"robots\" content=\"index, follow, max-snippet:-1, max-image-preview:large, max-video-preview:-1\" \/>\n<link rel=\"canonical\" href=\"https:\/\/www.animod.de\/magazin\/impressum\/\" \/>\n<meta property=\"og:locale\" content=\"de_DE\" \/>\n<meta property=\"og:type\" content=\"article\" \/>\n<meta property=\"og:title\" content=\"Impressum ~ Animod - Traumhafte Hotels &amp; Kurzreisen\" \/>\n<meta property=\"og:description\" content=\"IMPRESSUM Animod GmbH Bayenthalg\u00fcrtel 4 50968 K\u00f6ln Telefon: 0221 &#8211; 93374-100 Fax: 0221 &#8211; 93374-374 E-Mail: info@animod.de Gesch\u00e4ftsf\u00fchrung: Fabian Schaaf-Mehta HRB 58603 Amtsgericht K\u00f6ln USt.Id-Nr.: DE 250607889 Die EU-Kommission stellt eine Onlineplattform f\u00fcr die au\u00dfergerichtliche Streitschlichtung bereit, die Sie unter\u00a0http:\/\/ec.europa.eu\/odr\u00a0finden. Wir ziehen es vor, Ihr Anliegen im direkten Austausch mit Ihnen zu kl\u00e4ren und nehmen Read more about Impressum[&hellip;]\" \/>\n<meta property=\"og:url\" content=\"https:\/\/www.animod.de\/magazin\/impressum\/\" \/>\n<meta property=\"og:site_name\" content=\"Animod - Traumhafte Hotels &amp; Kurzreisen\" \/>\n<meta property=\"article:modified_time\" content=\"2019-01-23T16:13:43+00:00\" \/>\n<meta name=\"twitter:card\" content=\"summary_large_image\" \/>\n<meta name=\"twitter:label1\" content=\"Gesch\u00e4tzte Lesezeit\" \/>\n\t<meta name=\"twitter:data1\" content=\"2\u00a0Minuten\" \/>\n<script type=\"application\/ld+json\" class=\"yoast-schema-graph\">{\"@context\":\"https:\/\/schema.org\",\"@graph\":[{\"@type\":\"WebPage\",\"@id\":\"https:\/\/www.animod.de\/magazin\/impressum\/\",\"url\":\"https:\/\/www.animod.de\/magazin\/impressum\/\",\"name\":\"Impressum ~ Animod - Traumhafte Hotels &amp; Kurzreisen\",\"isPartOf\":{\"@id\":\"https:\/\/www.animod.de\/magazin\/#website\"},\"datePublished\":\"2011-07-13T21:00:51+00:00\",\"dateModified\":\"2019-01-23T16:13:43+00:00\",\"breadcrumb\":{\"@id\":\"https:\/\/www.animod.de\/magazin\/impressum\/#breadcrumb\"},\"inLanguage\":\"de\",\"potentialAction\":[{\"@type\":\"ReadAction\",\"target\":[\"https:\/\/www.animod.de\/magazin\/impressum\/\"]}]},{\"@type\":\"BreadcrumbList\",\"@id\":\"https:\/\/www.animod.de\/magazin\/impressum\/#breadcrumb\",\"itemListElement\":[{\"@type\":\"ListItem\",\"position\":1,\"name\":\"Startseite\",\"item\":\"https:\/\/www.animod.de\/magazin\/\"},{\"@type\":\"ListItem\",\"position\":2,\"name\":\"Impressum\"}]},{\"@type\":\"WebSite\",\"@id\":\"https:\/\/www.animod.de\/magazin\/#website\",\"url\":\"https:\/\/www.animod.de\/magazin\/\",\"name\":\"Animod\",\"description\":\"Animod Blog rund ums Reisen\",\"publisher\":{\"@id\":\"https:\/\/www.animod.de\/magazin\/#organization\"},\"potentialAction\":[{\"@type\":\"SearchAction\",\"target\":{\"@type\":\"EntryPoint\",\"urlTemplate\":\"https:\/\/www.animod.de\/magazin\/?s={search_term_string}\"},\"query-input\":{\"@type\":\"PropertyValueSpecification\",\"valueRequired\":true,\"valueName\":\"search_term_string\"}}],\"inLanguage\":\"de\"},{\"@type\":\"Organization\",\"@id\":\"https:\/\/www.animod.de\/magazin\/#organization\",\"name\":\"Animod GmbH\",\"url\":\"https:\/\/www.animod.de\/magazin\/\",\"logo\":{\"@type\":\"ImageObject\",\"inLanguage\":\"de\",\"@id\":\"https:\/\/www.animod.de\/magazin\/#\/schema\/logo\/image\/\",\"url\":\"https:\/\/www.animod.de\/magazin\/wp-content\/uploads\/2016\/07\/12191500_1006175106091613_1504253576988088526_n-e1469533109220.png\",\"contentUrl\":\"https:\/\/www.animod.de\/magazin\/wp-content\/uploads\/2016\/07\/12191500_1006175106091613_1504253576988088526_n-e1469533109220.png\",\"width\":50,\"height\":49,\"caption\":\"Animod GmbH\"},\"image\":{\"@id\":\"https:\/\/www.animod.de\/magazin\/#\/schema\/logo\/image\/\"}}]}<\/script>\n<!-- \/ Yoast SEO plugin. -->","yoast_head_json":{"title":"Impressum ~ Animod - Traumhafte Hotels &amp; Kurzreisen","robots":{"index":"index","follow":"follow","max-snippet":"max-snippet:-1","max-image-preview":"max-image-preview:large","max-video-preview":"max-video-preview:-1"},"canonical":"https:\/\/www.animod.de\/magazin\/impressum\/","og_locale":"de_DE","og_type":"article","og_title":"Impressum ~ Animod - Traumhafte Hotels &amp; Kurzreisen","og_description":"IMPRESSUM Animod GmbH Bayenthalg\u00fcrtel 4 50968 K\u00f6ln Telefon: 0221 &#8211; 93374-100 Fax: 0221 &#8211; 93374-374 E-Mail: info@animod.de Gesch\u00e4ftsf\u00fchrung: Fabian Schaaf-Mehta HRB 58603 Amtsgericht K\u00f6ln USt.Id-Nr.: DE 250607889 Die EU-Kommission stellt eine Onlineplattform f\u00fcr die au\u00dfergerichtliche Streitschlichtung bereit, die Sie unter\u00a0http:\/\/ec.europa.eu\/odr\u00a0finden. Wir ziehen es vor, Ihr Anliegen im direkten Austausch mit Ihnen zu kl\u00e4ren und nehmen Read more about Impressum[&hellip;]","og_url":"https:\/\/www.animod.de\/magazin\/impressum\/","og_site_name":"Animod - Traumhafte Hotels &amp; Kurzreisen","article_modified_time":"2019-01-23T16:13:43+00:00","twitter_card":"summary_large_image","twitter_misc":{"Gesch\u00e4tzte Lesezeit":"2\u00a0Minuten"},"schema":{"@context":"https:\/\/schema.org","@graph":[{"@type":"WebPage","@id":"https:\/\/www.animod.de\/magazin\/impressum\/","url":"https:\/\/www.animod.de\/magazin\/impressum\/","name":"Impressum ~ Animod - Traumhafte Hotels &amp; Kurzreisen","isPartOf":{"@id":"https:\/\/www.animod.de\/magazin\/#website"},"datePublished":"2011-07-13T21:00:51+00:00","dateModified":"2019-01-23T16:13:43+00:00","breadcrumb":{"@id":"https:\/\/www.animod.de\/magazin\/impressum\/#breadcrumb"},"inLanguage":"de","potentialAction":[{"@type":"ReadAction","target":["https:\/\/www.animod.de\/magazin\/impressum\/"]}]},{"@type":"BreadcrumbList","@id":"https:\/\/www.animod.de\/magazin\/impressum\/#breadcrumb","itemListElement":[{"@type":"ListItem","position":1,"name":"Startseite","item":"https:\/\/www.animod.de\/magazin\/"},{"@type":"ListItem","position":2,"name":"Impressum"}]},{"@type":"WebSite","@id":"https:\/\/www.animod.de\/magazin\/#website","url":"https:\/\/www.animod.de\/magazin\/","name":"Animod","description":"Animod Blog rund ums Reisen","publisher":{"@id":"https:\/\/www.animod.de\/magazin\/#organization"},"potentialAction":[{"@type":"SearchAction","target":{"@type":"EntryPoint","urlTemplate":"https:\/\/www.animod.de\/magazin\/?s={search_term_string}"},"query-input":{"@type":"PropertyValueSpecification","valueRequired":true,"valueName":"search_term_string"}}],"inLanguage":"de"},{"@type":"Organization","@id":"https:\/\/www.animod.de\/magazin\/#organization","name":"Animod GmbH","url":"https:\/\/www.animod.de\/magazin\/","logo":{"@type":"ImageObject","inLanguage":"de","@id":"https:\/\/www.animod.de\/magazin\/#\/schema\/logo\/image\/","url":"https:\/\/www.animod.de\/magazin\/wp-content\/uploads\/2016\/07\/12191500_1006175106091613_1504253576988088526_n-e1469533109220.png","contentUrl":"https:\/\/www.animod.de\/magazin\/wp-content\/uploads\/2016\/07\/12191500_1006175106091613_1504253576988088526_n-e1469533109220.png","width":50,"height":49,"caption":"Animod GmbH"},"image":{"@id":"https:\/\/www.animod.de\/magazin\/#\/schema\/logo\/image\/"}}]}},"_links":{"self":[{"href":"https:\/\/www.animod.de\/magazin\/wp-json\/wp\/v2\/pages\/2","targetHints":{"allow":["GET"]}}],"collection":[{"href":"https:\/\/www.animod.de\/magazin\/wp-json\/wp\/v2\/pages"}],"about":[{"href":"https:\/\/www.animod.de\/magazin\/wp-json\/wp\/v2\/types\/page"}],"author":[{"embeddable":true,"href":"https:\/\/www.animod.de\/magazin\/wp-json\/wp\/v2\/users\/4"}],"replies":[{"embeddable":true,"href":"https:\/\/www.animod.de\/magazin\/wp-json\/wp\/v2\/comments?post=2"}],"version-history":[{"count":15,"href":"https:\/\/www.animod.de\/magazin\/wp-json\/wp\/v2\/pages\/2\/revisions"}],"predecessor-version":[{"id":8105,"href":"https:\/\/www.animod.de\/magazin\/wp-json\/wp\/v2\/pages\/2\/revisions\/8105"}],"wp:attachment":[{"href":"https:\/\/www.animod.de\/magazin\/wp-json\/wp\/v2\/media?parent=2"}],"curies":[{"name":"wp","href":"https:\/\/api.w.org\/{rel}","templated":true}]}}